{"id":2929,"date":"2014-01-31T09:16:30","date_gmt":"2014-01-31T09:16:30","guid":{"rendered":"http:\/\/sky.smartweb.rs\/naslovna-strana\/"},"modified":"2023-11-21T09:40:29","modified_gmt":"2023-11-21T09:40:29","slug":"naslovna-strana","status":"publish","type":"page","link":"https:\/\/skyapartmani.com\/en\/","title":{"rendered":"Naslovna strana"},"content":{"rendered":"<h1>Sky Apartmani u centru Beograda<\/h1>\n<h2>Apartmani Beograd | Sme\u0161taj <a href=\"http:\/\/skyapartmani.com\">Skyapartmani.com<\/a><\/h2>\n<p>Pred vama je najkvalitetnija ponuda apartmana za iznajmljivanje u centru Beograda!<\/p>\n<p><b>Sky Apartmani Beograd <\/b>Vam nudi udoban, povoljan sme\u0161taj i pru\u017ea izuzetnu slobodu i fleksibilnost.<\/p>\n<p>Zahvaljuju\u0107i apartmanskom sme\u0161taju desetine hiljade turista, koji ne \u017eele da borave u hotelima ili hostelima, svake godine poseti Beograd, i upravo oni tra\u017ee mogu\u0107nost da po povoljnoj ceni dobiju veliki i dobro <b>opremljen apartman.<\/b><\/p>\n<p>Na\u0161i apartmani su pogodni za jednu, dve ili vi\u0161e osoba, u ponudi imamo i porodi\u010dne apartmane za prijatan boravak u Beogradu.<\/p>\n<p>U Sky apartmanima u Beogradu \u0107ete mo\u0107i da \u017eivite kao kod ku\u0107e, bez ograni\u010denja koja postavljaju hoteli.<\/p>\n<p>Najbolji <b>apartmani u Beogradu<\/b>, na centralnim lokacijama poput Trga Republike, Nu\u0161i\u0107eve, Terazija ili Slavije, mogu biti va\u0161i na jedan dan ili na du\u017ei period, uz cene koje su ni\u017ee \u0161to je boravak du\u017ei.<\/p>\n<p>Skoro svi na\u0161i <b>Sky apartmani za iznajmljivanje<\/b> opremljeni su za du\u017ei boravak u Beogradu. Sky Apartmani Beograd <strong>poseduju gara\u017eu za Va\u0161 automobil<\/strong>, kompletne kuhinje sa dodatnom opremom, <strong>Wi-Fi i kablovsku televiziju<\/strong>, klima ure\u0111aj, ma\u0161inu za ve\u0161 i sudove, elektri\u010dni bokal, mikrotalasnu rernu, peglu.<\/p>\n<p>Zadovoljstvo nam je da vam preporu\u010dimo i neke od na\u0161ih partnera kao \u0161to su PVC Mond gde mo\u017eete da nabavite najkvalitetniju <a href=\"http:\/\/www.pvcmond.rs\/pvc-stolarija\/\">PVC stolariju<\/a> \u00a0i Stomatolo\u0161ka ordinacija Cvejanovi\u0107 najbolju stomatolo\u0161ku ordinaciju ako vam trebaju <a href=\"http:\/\/ordinacijacvejanovic.com\/\">zubni implanti<\/a>.<\/p>\n","protected":false},"excerpt":{"rendered":"<p>Sky Apartmani u centru Beograda Apartmani Beograd | Sme\u0161taj Skyapartmani.com Pred vama je najkvalitetnija ponuda apartmana za iznajmljivanje u centru [&hellip;]<\/p>\n","protected":false},"author":1,"featured_media":0,"parent":0,"menu_order":0,"comment_status":"open","ping_status":"open","template":"templejt-naslovna.php","meta":[],"acf":[],"yoast_head":"<!-- This site is optimized with the Yoast SEO plugin v17.7.1 - https:\/\/yoast.com\/wordpress\/plugins\/seo\/ -->\n<title>SKY Apartmani u centru Beograda | Apartments in Belgrade with parking<\/title>\n<meta name=\"description\" content=\"Apartments in Belgrade | SKY Apartmani u Beogradu | Luxury apartments | Best apartments in Belgrade | SKYapartmani.com |\" \/>\n<meta name=\"robots\" content=\"index, follow, max-snippet:-1, max-image-preview:large, max-video-preview:-1\" \/>\n<link rel=\"canonical\" href=\"https:\/\/skyapartmani.com\/en\/\" \/>\n<meta property=\"og:locale\" content=\"en_US\" \/>\n<meta property=\"og:type\" content=\"article\" \/>\n<meta property=\"og:title\" content=\"SKY Apartmani u centru Beograda | Apartments in Belgrade with parking\" \/>\n<meta property=\"og:description\" content=\"Apartments in Belgrade | SKY Apartmani u Beogradu | Luxury apartments | Best apartments in Belgrade | SKYapartmani.com |\" \/>\n<meta property=\"og:url\" content=\"https:\/\/skyapartmani.com\/en\/\" \/>\n<meta property=\"og:site_name\" content=\"Sky apartmani\" \/>\n<meta property=\"article:modified_time\" content=\"2023-11-21T09:40:29+00:00\" \/>\n<meta name=\"twitter:card\" content=\"summary\" \/>\n<meta name=\"twitter:label1\" content=\"Est. reading time\" \/>\n\t<meta name=\"twitter:data1\" content=\"1 minute\" \/>\n<script type=\"application\/ld+json\" class=\"yoast-schema-graph\">{\"@context\":\"https:\/\/schema.org\",\"@graph\":[{\"@type\":\"WebSite\",\"@id\":\"https:\/\/skyapartmani.com\/#website\",\"url\":\"https:\/\/skyapartmani.com\/\",\"name\":\"Sky apartmani\",\"description\":\"\",\"potentialAction\":[{\"@type\":\"SearchAction\",\"target\":{\"@type\":\"EntryPoint\",\"urlTemplate\":\"https:\/\/skyapartmani.com\/?s={search_term_string}\"},\"query-input\":\"required name=search_term_string\"}],\"inLanguage\":\"en-US\"},{\"@type\":\"WebPage\",\"@id\":\"https:\/\/skyapartmani.com\/en\/#webpage\",\"url\":\"https:\/\/skyapartmani.com\/en\/\",\"name\":\"SKY Apartmani u centru Beograda | Apartments in Belgrade with parking\",\"isPartOf\":{\"@id\":\"https:\/\/skyapartmani.com\/#website\"},\"datePublished\":\"2014-01-31T09:16:30+00:00\",\"dateModified\":\"2023-11-21T09:40:29+00:00\",\"description\":\"Apartments in Belgrade | SKY Apartmani u Beogradu | Luxury apartments | Best apartments in Belgrade | SKYapartmani.com |\",\"breadcrumb\":{\"@id\":\"https:\/\/skyapartmani.com\/en\/#breadcrumb\"},\"inLanguage\":\"en-US\",\"potentialAction\":[{\"@type\":\"ReadAction\",\"target\":[\"https:\/\/skyapartmani.com\/en\/\"]}]},{\"@type\":\"BreadcrumbList\",\"@id\":\"https:\/\/skyapartmani.com\/en\/#breadcrumb\",\"itemListElement\":[{\"@type\":\"ListItem\",\"position\":1,\"name\":\"Sky Apartmani Beograd\",\"item\":\"https:\/\/skyapartmani.com\/en\/\"},{\"@type\":\"ListItem\",\"position\":2,\"name\":\"Naslovna strana\"}]}]}<\/script>\n<!-- \/ Yoast SEO plugin. -->","yoast_head_json":{"title":"SKY Apartmani u centru Beograda | Apartments in Belgrade with parking","description":"Apartments in Belgrade | SKY Apartmani u Beogradu | Luxury apartments | Best apartments in Belgrade | SKYapartmani.com |","robots":{"index":"index","follow":"follow","max-snippet":"max-snippet:-1","max-image-preview":"max-image-preview:large","max-video-preview":"max-video-preview:-1"},"canonical":"https:\/\/skyapartmani.com\/en\/","og_locale":"en_US","og_type":"article","og_title":"SKY Apartmani u centru Beograda | Apartments in Belgrade with parking","og_description":"Apartments in Belgrade | SKY Apartmani u Beogradu | Luxury apartments | Best apartments in Belgrade | SKYapartmani.com |","og_url":"https:\/\/skyapartmani.com\/en\/","og_site_name":"Sky apartmani","article_modified_time":"2023-11-21T09:40:29+00:00","twitter_card":"summary","twitter_misc":{"Est. reading time":"1 minute"},"schema":{"@context":"https:\/\/schema.org","@graph":[{"@type":"WebSite","@id":"https:\/\/skyapartmani.com\/#website","url":"https:\/\/skyapartmani.com\/","name":"Sky apartmani","description":"","potentialAction":[{"@type":"SearchAction","target":{"@type":"EntryPoint","urlTemplate":"https:\/\/skyapartmani.com\/?s={search_term_string}"},"query-input":"required name=search_term_string"}],"inLanguage":"en-US"},{"@type":"WebPage","@id":"https:\/\/skyapartmani.com\/en\/#webpage","url":"https:\/\/skyapartmani.com\/en\/","name":"SKY Apartmani u centru Beograda | Apartments in Belgrade with parking","isPartOf":{"@id":"https:\/\/skyapartmani.com\/#website"},"datePublished":"2014-01-31T09:16:30+00:00","dateModified":"2023-11-21T09:40:29+00:00","description":"Apartments in Belgrade | SKY Apartmani u Beogradu | Luxury apartments | Best apartments in Belgrade | SKYapartmani.com |","breadcrumb":{"@id":"https:\/\/skyapartmani.com\/en\/#breadcrumb"},"inLanguage":"en-US","potentialAction":[{"@type":"ReadAction","target":["https:\/\/skyapartmani.com\/en\/"]}]},{"@type":"BreadcrumbList","@id":"https:\/\/skyapartmani.com\/en\/#breadcrumb","itemListElement":[{"@type":"ListItem","position":1,"name":"Sky Apartmani Beograd","item":"https:\/\/skyapartmani.com\/en\/"},{"@type":"ListItem","position":2,"name":"Naslovna strana"}]}]}},"_links":{"self":[{"href":"https:\/\/skyapartmani.com\/en\/wp-json\/wp\/v2\/pages\/2929\/"}],"collection":[{"href":"https:\/\/skyapartmani.com\/en\/wp-json\/wp\/v2\/pages\/"}],"about":[{"href":"https:\/\/skyapartmani.com\/en\/wp-json\/wp\/v2\/types\/page\/"}],"author":[{"embeddable":true,"href":"https:\/\/skyapartmani.com\/en\/wp-json\/wp\/v2\/users\/1\/"}],"replies":[{"embeddable":true,"href":"https:\/\/skyapartmani.com\/en\/wp-json\/wp\/v2\/comments\/?post=2929"}],"version-history":[{"count":4,"href":"https:\/\/skyapartmani.com\/en\/wp-json\/wp\/v2\/pages\/2929\/revisions\/"}],"predecessor-version":[{"id":6811,"href":"https:\/\/skyapartmani.com\/en\/wp-json\/wp\/v2\/pages\/2929\/revisions\/6811\/"}],"wp:attachment":[{"href":"https:\/\/skyapartmani.com\/en\/wp-json\/wp\/v2\/media\/?parent=2929"}],"curies":[{"name":"wp","href":"https:\/\/api.w.org\/{rel}","templated":true}]}}